{"id":4836,"date":"2022-09-02T10:29:51","date_gmt":"2022-09-02T08:29:51","guid":{"rendered":"https:\/\/www.lukas-walcher.com\/?page_id=4836"},"modified":"2022-09-03T19:37:20","modified_gmt":"2022-09-03T17:37:20","slug":"bio","status":"publish","type":"page","link":"https:\/\/www.lukas-walcher.com\/es\/bio\/","title":{"rendered":"Bio"},"content":{"rendered":"\n<style type=\"text\/css\" data-created_by=\"avia_inline_auto\" id=\"style-css-av-10na3ok-ce91d7a3bb1101239bcb004eb8d4fa70\">\n.avia-section.av-10na3ok-ce91d7a3bb1101239bcb004eb8d4fa70 .av-parallax .av-parallax-inner{\nbackground-repeat:no-repeat;\nbackground-image:url(https:\/\/www.lukas-walcher.com\/wp-content\/uploads\/2021\/10\/Lukas-Walcher-2021-10-19-2-640x618.jpg);\nbackground-position:50% 50%;\nbackground-attachment:scroll;\n}\n.avia-section.av-10na3ok-ce91d7a3bb1101239bcb004eb8d4fa70 .av-section-color-overlay{\nopacity:0.2;\nbackground-color:#000000;\n}\n<\/style>\n<div id='av_section_1'  class='avia-section av-10na3ok-ce91d7a3bb1101239bcb004eb8d4fa70 alternate_color avia-section-default avia-no-border-styling  avia-builder-el-0  el_before_av_section  avia-builder-el-first  transparent-header-next-section avia-full-stretch av-parallax-section avia-bg-style-parallax av-section-color-overlay-active av-minimum-height av-minimum-height-100  container_wrap sidebar_right'  data-section-bg-repeat='stretch' data-av_minimum_height_pc='100'><div class='av-parallax' data-avia-parallax-ratio='0.3' ><div class='av-parallax-inner alternate_color avia-full-stretch'><\/div><\/div><div class=\"av-section-color-overlay-wrap\"><div class=\"av-section-color-overlay\"><\/div><div class='container av-section-cont-open' ><main  role=\"main\" itemprop=\"mainContentOfPage\"  class='template-page content  av-content-small alpha units'><div class='post-entry post-entry-type-page post-entry-4836'><div class='entry-content-wrapper clearfix'>\n<div class='flex_column av-z0mwlg-a31e7fc9d94a39107a07585d76b3d77d av_two_fifth  avia-builder-el-1  el_before_av_three_fifth  avia-builder-el-first  first av-break-at-tablet flex_column_div '     ><\/div><div class='flex_column av-y1q1ok-39bbc39333e8ef669bdf681e6cc44325 av_three_fifth  avia-builder-el-2  el_after_av_two_fifth  avia-builder-el-last  py-3 py-lg-5 py-xl-12 av-break-at-tablet flex_column_div '     ><p>\n<style type=\"text\/css\" data-created_by=\"avia_inline_auto\" id=\"style-css-av-l7k7qd4h-ca906d91143998781ecd407821c8f52c\">\n#top .av-special-heading.av-l7k7qd4h-ca906d91143998781ecd407821c8f52c{\npadding-bottom:10px;\nfont-size:60px;\n}\nbody .av-special-heading.av-l7k7qd4h-ca906d91143998781ecd407821c8f52c .av-special-heading-tag .heading-char{\nfont-size:25px;\n}\n#top #wrap_all .av-special-heading.av-l7k7qd4h-ca906d91143998781ecd407821c8f52c .av-special-heading-tag{\nfont-size:60px;\n}\n.av-special-heading.av-l7k7qd4h-ca906d91143998781ecd407821c8f52c .av-subheading{\nfont-size:21px;\n}\n\n@media only screen and (min-width: 480px) and (max-width: 767px){ \n#top #wrap_all .av-special-heading.av-l7k7qd4h-ca906d91143998781ecd407821c8f52c .av-special-heading-tag{\nfont-size:0.8em;\n}\n}\n\n@media only screen and (max-width: 479px){ \n#top #wrap_all .av-special-heading.av-l7k7qd4h-ca906d91143998781ecd407821c8f52c .av-special-heading-tag{\nfont-size:0.8em;\n}\n}\n<\/style>\n<div  class='av-special-heading av-l7k7qd4h-ca906d91143998781ecd407821c8f52c av-special-heading-h1 blockquote modern-quote modern-right  avia-builder-el-3  el_before_av_textblock  avia-builder-el-first  pb-1 pb-lg-2 left-md av-inherit-size'><h1 class='av-special-heading-tag'  itemprop=\"headline\"  >Art radical<\/h1><div class=\"special-heading-border\"><div class=\"special-heading-inner-border\"><\/div><\/div><\/div><br \/>\n<section  class='av_textblock_section av-l7k7r0f4-ec6e6bb6e249fdff2203155d76e4f411'  itemscope=\"itemscope\" itemtype=\"https:\/\/schema.org\/CreativeWork\" ><div class='avia_textblock'  itemprop=\"text\" ><p class=\"left-md\" style=\"text-align: right;\">\u201cEntro en la imagen y trato de experimentarla desde su perspectiva.<br \/>\nComo resultado, surge una fuerza a trav\u00e9s de mi pintura.<br \/>\nAl mismo tiempo, vuelvo de pintar con renovado vigor.\u201d<\/p>\n<\/div><\/section><\/p><\/div>\n\n<\/div><\/div><\/main><!-- close content main element --><\/div><\/div><\/div><div id='av_section_2'  class='avia-section av-vte110-e59d74e7c7f926a680ac9bd6aac5eab9 main_color avia-section-default avia-no-border-styling  avia-builder-el-5  el_after_av_section  el_before_av_section  py-3 py-lg-5 py-xl-7 avia-bg-style-scroll container_wrap sidebar_right'  ><div class='container av-section-cont-open' ><div class='template-page content  av-content-small alpha units'><div class='post-entry post-entry-type-page post-entry-4836'><div class='entry-content-wrapper clearfix'>\n<div class='flex_column_table av-v0fi5w-773f9e7e66579dafb65eb0ffbc728ee8 sc-av_one_full av-break-at-tablet-flextable av-equal-height-column-flextable'><div class='flex_column av-v0fi5w-773f9e7e66579dafb65eb0ffbc728ee8 av_one_full  avia-builder-el-6  avia-builder-el-no-sibling  inset first av-break-at-tablet flex_column_table_cell av-equal-height-column av-align-top '     ><section  class='av_textblock_section av-l7k7re6g-c95a4ad2cbf43b51ba6f5ddb6d9f0c3b'  itemscope=\"itemscope\" itemtype=\"https:\/\/schema.org\/CreativeWork\" ><div class='avia_textblock inset'  itemprop=\"text\" ><p>Soy un viajero ganando experiencia, como artista y como persona. Mi estudio es el mundo, ya sea India, M\u00e9xico, Haw\u00e1i, Cuba, Rep\u00fablica Dominicana, Espa\u00f1a&#8230; Quiero absorber la inspiraci\u00f3n de los pa\u00edses y las personas y procesarla en mis im\u00e1genes.<\/p>\n<p>La sencillez de mis cuadros se refleja en mi autenticidad. Son simples, pero cada imagen cuenta una historia sobre m\u00ed. Es mi propio estilo \u00abart radical\u00bb, que se desarroll\u00f3 despu\u00e9s de mi paso por el estudio libre Gugging, donde me ocup\u00e9 del \u00abart brut\u00bb. Pude obtener informaci\u00f3n valiosa de la Academia de Arte de Berl\u00edn.<\/p>\n<p>Mis cuadros son como son, naturales y desnudos. \u00bfPor qu\u00e9 a menudo pinto personas desnudas? Porque la desnudez es nuestro origen natural, nuestro derecho a vivir libremente y hacer del mundo nuestro campo de juego de sentimientos y emociones.<\/p>\n<p>Mis pinturas muestran honestidad, simbolizan el cambio en la vida y lo que es posible cuando sales de tu antiguo yo y te embarcas en un nuevo camino. Entonces se trata de la desnudez.<\/p>\n<p>Quien est\u00e1 desnudo es honesto. Con esto estoy tratando de crear una unidad, una unidad del yo reflexivo supercomplejo.<\/p>\n<p>El viejo avatar en nosotros anhela el renacimiento de una libertad olvidada. Vivimos, observamos, somos testigos del ascenso del Avatar y nos conectamos con nuestro nuevo esp\u00edritu.<\/p>\n<\/div><\/section><\/div><\/div><!--close column table wrapper. Autoclose: 1 -->\n\n<\/div><\/div><\/div><!-- close content main div --><\/div><\/div><div id='av_section_3'  class='avia-section av-tblfkk-4ac0383151b782faa226f9b3f5f056bd main_color avia-section-default avia-no-border-styling  avia-builder-el-8  el_after_av_section  el_before_av_section  reverse pb-3 pb-lg-5 pb-xl-7 avia-bg-style-scroll container_wrap sidebar_right'  ><div class='container av-section-cont-open' ><div class='template-page content  av-content-small alpha units'><div class='post-entry post-entry-type-page post-entry-4836'><div class='entry-content-wrapper clearfix'>\n<div class='flex_column_table av-rtzrz8-da88586eba72cbf059a274dead6e0262 sc-av_one_half av-break-at-tablet-flextable av-equal-height-column-flextable'><div class='flex_column av-rtzrz8-da88586eba72cbf059a274dead6e0262 av_one_half  avia-builder-el-9  el_before_av_one_half  avia-builder-el-first  first av-break-at-tablet flex_column_table_cell av-equal-height-column av-align-top '     ><section  class='av_textblock_section av-l7k7s1q8-7390c94dd3cec76a250ca2b1b1e778d5'  itemscope=\"itemscope\" itemtype=\"https:\/\/schema.org\/CreativeWork\" ><div class='avia_textblock'  itemprop=\"text\" ><p>* 26 de enero de 1987 en Krems\/Danubio<\/p>\n<p>2002<\/p>\n<p>Comenzando como autodidacta con la pintura acr\u00edlica.<\/p>\n<p>2003 \u2013 2005<\/p>\n<p>Miembro externo del Centro ART-BRUT en Maria Gugging<\/p>\n<p>Estudiar dibujos al carboncillo en el sentido de \u00abNEWART\u00bb<\/p>\n<p>2013 a 2015<\/p>\n<p>Art Academy\u201d FINE ART \u201cEscuela de arte contempor\u00e1neo en BERL\u00cdN.<\/p>\n<p>2015<\/p>\n<p>Miembro ordinario de la \u00abK\u00fcnstlerhaus-Verein\u00bb<\/p>\n<p>2015<\/p>\n<p>Compra de cuadros por el Museo Estatal NOE<\/p>\n<p>2021<\/p>\n<p>Compra de cuadros por el Museo Estatal NOE<\/p>\n<\/div><\/section><\/div><div class='av-flex-placeholder'><\/div><div class='flex_column av-2mviz8-25059a60e68a9a9ddfb1afe3f267ebe9 av_one_half  avia-builder-el-11  el_after_av_one_half  avia-builder-el-last  av-break-at-tablet flex_column_table_cell av-equal-height-column av-align-top '     ><style type=\"text\/css\" data-created_by=\"avia_inline_auto\" id=\"style-css-av-l7k7rkbt-97339b21574daa2487cc69585a570c9b\">\n#top .av-special-heading.av-l7k7rkbt-97339b21574daa2487cc69585a570c9b{\npadding-bottom:0;\nfont-size:42px;\n}\nbody .av-special-heading.av-l7k7rkbt-97339b21574daa2487cc69585a570c9b .av-special-heading-tag .heading-char{\nfont-size:25px;\n}\n#top #wrap_all .av-special-heading.av-l7k7rkbt-97339b21574daa2487cc69585a570c9b .av-special-heading-tag{\nfont-size:42px;\n}\n.av-special-heading.av-l7k7rkbt-97339b21574daa2487cc69585a570c9b .av-subheading{\nfont-size:21px;\n}\n\n@media only screen and (min-width: 480px) and (max-width: 767px){ \n#top #wrap_all .av-special-heading.av-l7k7rkbt-97339b21574daa2487cc69585a570c9b .av-special-heading-tag{\nfont-size:0.8em;\n}\n}\n\n@media only screen and (max-width: 479px){ \n#top #wrap_all .av-special-heading.av-l7k7rkbt-97339b21574daa2487cc69585a570c9b .av-special-heading-tag{\nfont-size:0.8em;\n}\n}\n<\/style>\n<div  class='av-special-heading av-l7k7rkbt-97339b21574daa2487cc69585a570c9b av-special-heading-h2 blockquote modern-quote  avia-builder-el-12  avia-builder-el-no-sibling  pb-1 pb-lg-0 av-inherit-size'><h2 class='av-special-heading-tag'  itemprop=\"headline\"  >biograf\u00eda<\/h2><div class=\"special-heading-border\"><div class=\"special-heading-inner-border\"><\/div><\/div><\/div><\/div><\/div><!--close column table wrapper. Autoclose: 1 -->\n\n<\/div><\/div><\/div><!-- close content main div --><\/div><\/div><div id='av_section_4'  class='avia-section av-omkgxg-bf11203d3572337fd86636eee68ef968 main_color avia-section-default avia-no-border-styling  avia-builder-el-13  el_after_av_section  el_before_av_section  pb-3 pb-lg-5 pb-xl-7 avia-bg-style-scroll container_wrap sidebar_right'  ><div class='container av-section-cont-open' ><div class='template-page content  av-content-small alpha units'><div class='post-entry post-entry-type-page post-entry-4836'><div class='entry-content-wrapper clearfix'>\n<div class='flex_column_table av-lqeon8-6b25597fa1cc268e8e265855d4c3d021 sc-av_one_half av-break-at-tablet-flextable av-equal-height-column-flextable'><div class='flex_column av-lqeon8-6b25597fa1cc268e8e265855d4c3d021 av_one_half  avia-builder-el-14  el_before_av_one_half  avia-builder-el-first  first av-break-at-tablet flex_column_table_cell av-equal-height-column av-align-top '     ><style type=\"text\/css\" data-created_by=\"avia_inline_auto\" id=\"style-css-av-l7k7sam1-6006a0a9743c15310b7050c7a2f7e3d1\">\n#top .av-special-heading.av-l7k7sam1-6006a0a9743c15310b7050c7a2f7e3d1{\npadding-bottom:10px;\nfont-size:42px;\n}\nbody .av-special-heading.av-l7k7sam1-6006a0a9743c15310b7050c7a2f7e3d1 .av-special-heading-tag .heading-char{\nfont-size:25px;\n}\n#top #wrap_all .av-special-heading.av-l7k7sam1-6006a0a9743c15310b7050c7a2f7e3d1 .av-special-heading-tag{\nfont-size:42px;\n}\n.av-special-heading.av-l7k7sam1-6006a0a9743c15310b7050c7a2f7e3d1 .av-subheading{\nfont-size:21px;\n}\n\n@media only screen and (min-width: 480px) and (max-width: 767px){ \n#top #wrap_all .av-special-heading.av-l7k7sam1-6006a0a9743c15310b7050c7a2f7e3d1 .av-special-heading-tag{\nfont-size:0.8em;\n}\n}\n\n@media only screen and (max-width: 479px){ \n#top #wrap_all .av-special-heading.av-l7k7sam1-6006a0a9743c15310b7050c7a2f7e3d1 .av-special-heading-tag{\nfont-size:0.8em;\n}\n}\n<\/style>\n<div  class='av-special-heading av-l7k7sam1-6006a0a9743c15310b7050c7a2f7e3d1 av-special-heading-h2 blockquote modern-quote  avia-builder-el-15  avia-builder-el-no-sibling  av-inherit-size'><h2 class='av-special-heading-tag'  itemprop=\"headline\"  >premios<\/h2><div class=\"special-heading-border\"><div class=\"special-heading-inner-border\"><\/div><\/div><\/div><\/div><div class='av-flex-placeholder'><\/div><div class='flex_column av-kqs3t0-2a5c63a0009d62a1fb1720f1ea178200 av_one_half  avia-builder-el-16  el_after_av_one_half  avia-builder-el-last  av-break-at-tablet flex_column_table_cell av-equal-height-column av-align-top '     ><section  class='av_textblock_section av-l7k7siiw-63bc1b41d42de445ae91e38d3600a587'  itemscope=\"itemscope\" itemtype=\"https:\/\/schema.org\/CreativeWork\" ><div class='avia_textblock'  itemprop=\"text\" ><p>2013: Nominaci\u00f3n para el \u00abPalm Art Award\u00bb en Leipzig<\/p>\n<p>2014: Nominaci\u00f3n para el \u00abPalm Art Award\u00bb en Leipzig<\/p>\n<p>2015: Nominaci\u00f3n como joven representante destacado de \u00abNEWART\u00bb en \u00abART Innsbruck\u00bb<\/p>\n<p>2016: Nominaci\u00f3n al \u00abKitz Art Award\u00bb en Kitzb\u00fchel<\/p>\n<p>2019: Nominaci\u00f3n \u00abKoschatzky Kunstpreis\u00bb<\/p>\n<\/div><\/section><\/div><\/div><!--close column table wrapper. Autoclose: 1 -->\n\n<\/div><\/div><\/div><!-- close content main div --><\/div><\/div><div id='av_section_5'  class='avia-section av-jgk844-a2c8ae3264ad962493127d3ee8891e10 main_color avia-section-default avia-no-border-styling  avia-builder-el-18  el_after_av_section  el_before_av_section  pb-3 pb-lg-5 pb-xl-7 avia-bg-style-scroll container_wrap sidebar_right'  ><div class='container av-section-cont-open' ><div class='template-page content  av-content-small alpha units'><div class='post-entry post-entry-type-page post-entry-4836'><div class='entry-content-wrapper clearfix'>\n<div class='flex_column_table av-hvar5g-c3054299323daf8996daaba7df202a4f sc-av_one_half av-break-at-tablet-flextable av-equal-height-column-flextable'><div class='flex_column av-hvar5g-c3054299323daf8996daaba7df202a4f av_one_half  avia-builder-el-19  el_before_av_one_half  avia-builder-el-first  first av-break-at-tablet flex_column_table_cell av-equal-height-column av-align-top '     ><style type=\"text\/css\" data-created_by=\"avia_inline_auto\" id=\"style-css-av-l7k7sqcm-5353eba3e0588d558a1b305711600b67\">\n#top .av-special-heading.av-l7k7sqcm-5353eba3e0588d558a1b305711600b67{\npadding-bottom:10px;\nfont-size:42px;\n}\nbody .av-special-heading.av-l7k7sqcm-5353eba3e0588d558a1b305711600b67 .av-special-heading-tag .heading-char{\nfont-size:25px;\n}\n#top #wrap_all .av-special-heading.av-l7k7sqcm-5353eba3e0588d558a1b305711600b67 .av-special-heading-tag{\nfont-size:42px;\n}\n.av-special-heading.av-l7k7sqcm-5353eba3e0588d558a1b305711600b67 .av-subheading{\nfont-size:21px;\n}\n\n@media only screen and (min-width: 480px) and (max-width: 767px){ \n#top #wrap_all .av-special-heading.av-l7k7sqcm-5353eba3e0588d558a1b305711600b67 .av-special-heading-tag{\nfont-size:0.8em;\n}\n}\n\n@media only screen and (max-width: 479px){ \n#top #wrap_all .av-special-heading.av-l7k7sqcm-5353eba3e0588d558a1b305711600b67 .av-special-heading-tag{\nfont-size:0.8em;\n}\n}\n<\/style>\n<div  class='av-special-heading av-l7k7sqcm-5353eba3e0588d558a1b305711600b67 av-special-heading-h2 blockquote modern-quote  avia-builder-el-20  avia-builder-el-no-sibling  pb-1 pb-lg-0 av-inherit-size'><h2 class='av-special-heading-tag'  itemprop=\"headline\"  >exhibiciones<\/h2><div class=\"special-heading-border\"><div class=\"special-heading-inner-border\"><\/div><\/div><\/div><\/div><div class='av-flex-placeholder'><\/div><div class='flex_column av-fo4yk4-069a689dd6ee80f62c0d473b695af5a2 av_one_half  avia-builder-el-21  el_after_av_one_half  avia-builder-el-last  av-break-at-tablet flex_column_table_cell av-equal-height-column av-align-top '     ><section  class='av_textblock_section av-l7k7t9wv-d5614cd7e930a4f3b04926c930485a70'  itemscope=\"itemscope\" itemtype=\"https:\/\/schema.org\/CreativeWork\" ><div class='avia_textblock'  itemprop=\"text\" ><p>2011 a 2014: Participaci\u00f3n en las jornadas de los \u201cestudios abiertos\u201d<\/p>\n<p>2013: Exposici\u00f3n en la Kulturhaus St. Andr\u00e4\/W\u00f6rdern<\/p>\n<p>2014: Exposiciones en mi propio estudio<\/p>\n<p>2014: Exposici\u00f3n en el \u201cKloster UND\u201d en Krems<\/p>\n<p>2015: Exposici\u00f3n \u00abART Innsbruck\u00bb, nominaci\u00f3n como joven representante destacado de \u00abNEWART\u00bb<\/p>\n<p>2015: Exposici\u00f3n en la ciudad de Nueva York \u00abGaler\u00eda ART &amp; SPACE\u00bb, Manhattan, SoHo, Lower East Side<\/p>\n<p>2016: Exposiciones en galer\u00edas de Berl\u00edn<\/p>\n<p>2016: Nominaci\u00f3n al \u00abKitz Art Award\u00bb en Kitzb\u00fchel<\/p>\n<p>2016: Exposici\u00f3n \u00abART Innsbruck\u00bb &#8211; Feria Internacional de Arte Contempor\u00e1neo<\/p>\n<p>2017: Exposici\u00f3n \u00abSecretos de Berl\u00edn\u00bb Raiffeisenbank Krems<\/p>\n<p>2017: Exposici\u00f3n en Art Barcelona<\/p>\n<p>2017: Exposici\u00f3n en la Steiner Gallery de Viena<\/p>\n<p>2017: Exposici\u00f3n de Shangh\u00e1i<\/p>\n<p>2018: Exposici\u00f3n en Londres<\/p>\n<p>2018: Exposici\u00f3n en la feria \u00abArt Salzburg\u00bb<\/p>\n<p>2018: Exposici\u00f3n \u00abArte Shanghai\u00bb<\/p>\n<p>2019: Exposici\u00f3n en el VHS Krems<\/p>\n<p>2019: Exposici\u00f3n \u201cCentro de cultura de Jes\u00fas\u201d Gu\u00eda de Arte de Ibiza<\/p>\n<p>2019: Exposici\u00f3n de Art Basel en Miami<\/p>\n<p>2021: Exposici\u00f3n \u00abKunst im Salon\u00bb<\/p>\n<p>Coleccionistas en Viena, Kitzb\u00fchel, M\u00fanich, Cerde\u00f1a, Z\u00farich, Krems<\/p>\n<\/div><\/section><\/div><\/div><!--close column table wrapper. Autoclose: 1 -->\n\n<\/div><\/div><\/div><!-- close content main div --><\/div><\/div><div id='av_section_6'  class='avia-section av-drkw90-cb6b84dabe69da43842c23fadf6d104c main_color avia-section-default avia-no-border-styling  avia-builder-el-23  el_after_av_section  el_before_av_layout_row  avia-bg-style-scroll container_wrap sidebar_right'  ><div class='container av-section-cont-open' ><div class='template-page content  av-content-small alpha units'><div class='post-entry post-entry-type-page post-entry-4836'><div class='entry-content-wrapper clearfix'>\n<div class='flex_column_table av-d3amhg-47b28c3a9483c0afa6bba392d9bb785f sc-av_one_full av-break-at-tablet-flextable av-equal-height-column-flextable'><div class='flex_column av-d3amhg-47b28c3a9483c0afa6bba392d9bb785f av_one_full  avia-builder-el-24  avia-builder-el-no-sibling  first av-break-at-tablet flex_column_table_cell av-equal-height-column av-align-top '     ><style type=\"text\/css\" data-created_by=\"avia_inline_auto\" id=\"style-css-av-a5z1kk-5a885872a91402a579695f093267e66e\">\n.avia-image-container.av-a5z1kk-5a885872a91402a579695f093267e66e img.avia_image{\nbox-shadow:none;\n}\n.avia-image-container.av-a5z1kk-5a885872a91402a579695f093267e66e .av-image-caption-overlay-center{\ncolor:#ffffff;\n}\n<\/style>\n<div  class='avia-image-container av-a5z1kk-5a885872a91402a579695f093267e66e av-styling- avia-align-center  avia-builder-el-25  avia-builder-el-no-sibling  inset-max'   itemprop=\"image\" itemscope=\"itemscope\" itemtype=\"https:\/\/schema.org\/ImageObject\" ><div class=\"avia-image-container-inner\"><div class=\"avia-image-overlay-wrap\"><img decoding=\"async\" class='wp-image-4797 avia-img-lazy-loading-not-4797 avia_image ' src=\"https:\/\/www.lukas-walcher.com\/wp-content\/uploads\/2021\/10\/Lukas-Walcher-2021-10-22-2-1600x1547.jpg\" alt='' title=''  height=\"1450\" width=\"1500\"  itemprop=\"thumbnailUrl\" srcset=\"https:\/\/www.lukas-walcher.com\/wp-content\/uploads\/2021\/10\/Lukas-Walcher-2021-10-22-2-1600x1547.jpg 1600w, https:\/\/www.lukas-walcher.com\/wp-content\/uploads\/2021\/10\/Lukas-Walcher-2021-10-22-2-640x619.jpg 640w, https:\/\/www.lukas-walcher.com\/wp-content\/uploads\/2021\/10\/Lukas-Walcher-2021-10-22-2-768x743.jpg 768w, https:\/\/www.lukas-walcher.com\/wp-content\/uploads\/2021\/10\/Lukas-Walcher-2021-10-22-2-1536x1485.jpg 1536w, https:\/\/www.lukas-walcher.com\/wp-content\/uploads\/2021\/10\/Lukas-Walcher-2021-10-22-2-2048x1980.jpg 2048w, https:\/\/www.lukas-walcher.com\/wp-content\/uploads\/2021\/10\/Lukas-Walcher-2021-10-22-2-36x36.jpg 36w, https:\/\/www.lukas-walcher.com\/wp-content\/uploads\/2021\/10\/Lukas-Walcher-2021-10-22-2-1500x1451.jpg 1500w, https:\/\/www.lukas-walcher.com\/wp-content\/uploads\/2021\/10\/Lukas-Walcher-2021-10-22-2-705x682.jpg 705w\" sizes=\"(max-width: 1500px) 100vw, 1500px\" \/><\/div><\/div><\/div><\/div><\/div><!--close column table wrapper. Autoclose: 1 -->\n\n<\/div><\/div><\/div><!-- close content main div --><\/div><\/div><div id='av-layout-grid-1'  class='av-layout-grid-container av-98chbo-5ad8befeefb579bbc51481532114ab30 entry-content-wrapper main_color av-flex-cells  avia-builder-el-26  el_after_av_section  avia-builder-el-last  p-max pt-3 pt-lg-7 pt-xl-12 pb-1 pb-lg-3 no-break grid-row-not-first  container_wrap sidebar_right'  >\n\n<style type=\"text\/css\" data-created_by=\"avia_inline_auto\" id=\"style-css-av-856dfo-ac1f9f49ae23189274d4a9afdb786795\">\n.flex_cell.av-856dfo-ac1f9f49ae23189274d4a9afdb786795{\nvertical-align:top;\n}\n.responsive #top #wrap_all .flex_cell.av-856dfo-ac1f9f49ae23189274d4a9afdb786795{\npadding:0px 0px 0px 0px !important;\n}\n<\/style>\n<div class='flex_cell av-856dfo-ac1f9f49ae23189274d4a9afdb786795 av-gridrow-cell av_one_full no_margin  avia-builder-el-27  avia-builder-el-no-sibling  av-zero-padding' ><div class='flex_cell_inner'><p><div class='flex_column_table av-6ax98k-0c6527236f5b59f818a6ed0655c1c613 sc-av_one_half av-equal-height-column-flextable'><div class='flex_column av-6ax98k-0c6527236f5b59f818a6ed0655c1c613 av_one_half  avia-builder-el-28  el_before_av_one_half  avia-builder-el-first  first no_margin flex_column_table_cell av-equal-height-column av-align-top '     ><div  class='avia-button-wrap av-4mebvo-16c54bc587d11612ff06c951f2d7de51-wrap avia-button-left  avia-builder-el-29  avia-builder-el-no-sibling '><a href='https:\/\/www.lukas-walcher.com\/work\/'  class='avia-button av-4mebvo-16c54bc587d11612ff06c951f2d7de51 avia-icon_select-yes-left-icon avia-size-x-large avia-position-left avia-color-dark'  ><span class='avia_button_icon avia_button_icon_left' aria-hidden='true' data-av_icon='\ue87c' data-av_iconfont='entypo-fontello'><\/span><span class='avia_iconbox_title' >Work<\/span><\/a><\/div><\/div><div class='flex_column av-8d12c-e1bcedaff5965c5bb26a1f117303df54 av_one_half  avia-builder-el-30  el_after_av_one_half  avia-builder-el-last  no_margin flex_column_table_cell av-equal-height-column av-align-top '     ><div  class='avia-button-wrap av-l7k7tnyc-a94042ea62f644a50833e93e20b3f3ed-wrap avia-button-right  avia-builder-el-31  avia-builder-el-no-sibling '><a href='https:\/\/www.lukas-walcher.com\/es\/estudio\/'  class='avia-button av-l7k7tnyc-a94042ea62f644a50833e93e20b3f3ed avia-icon_select-yes-right-icon avia-size-x-large avia-position-right avia-color-dark'  ><span class='avia_iconbox_title' >Estudio<\/span><span class='avia_button_icon avia_button_icon_right' aria-hidden='true' data-av_icon='\ue87d' data-av_iconfont='entypo-fontello'><\/span><\/a><\/div><\/div><\/div><!--close column table wrapper. Autoclose: 1 --><\/p>\n<\/div><\/div><\/div>\n","protected":false},"excerpt":{"rendered":"","protected":false},"author":2,"featured_media":0,"parent":0,"menu_order":0,"comment_status":"closed","ping_status":"closed","template":"","meta":{"footnotes":""},"class_list":["post-4836","page","type-page","status-publish","hentry"],"_links":{"self":[{"href":"https:\/\/www.lukas-walcher.com\/es\/wp-json\/wp\/v2\/pages\/4836","targetHints":{"allow":["GET"]}}],"collection":[{"href":"https:\/\/www.lukas-walcher.com\/es\/wp-json\/wp\/v2\/pages"}],"about":[{"href":"https:\/\/www.lukas-walcher.com\/es\/wp-json\/wp\/v2\/types\/page"}],"author":[{"embeddable":true,"href":"https:\/\/www.lukas-walcher.com\/es\/wp-json\/wp\/v2\/users\/2"}],"replies":[{"embeddable":true,"href":"https:\/\/www.lukas-walcher.com\/es\/wp-json\/wp\/v2\/comments?post=4836"}],"version-history":[{"count":3,"href":"https:\/\/www.lukas-walcher.com\/es\/wp-json\/wp\/v2\/pages\/4836\/revisions"}],"predecessor-version":[{"id":4876,"href":"https:\/\/www.lukas-walcher.com\/es\/wp-json\/wp\/v2\/pages\/4836\/revisions\/4876"}],"wp:attachment":[{"href":"https:\/\/www.lukas-walcher.com\/es\/wp-json\/wp\/v2\/media?parent=4836"}],"curies":[{"name":"wp","href":"https:\/\/api.w.org\/{rel}","templated":true}]}}