{"id":4812,"date":"2022-09-02T09:52:28","date_gmt":"2022-09-02T07:52:28","guid":{"rendered":"https:\/\/www.lukas-walcher.com\/?page_id=4812"},"modified":"2022-09-02T09:52:28","modified_gmt":"2022-09-02T07:52:28","slug":"proteccion-de-datos","status":"publish","type":"page","link":"https:\/\/www.lukas-walcher.com\/es\/proteccion-de-datos\/","title":{"rendered":"Protecci\u00f3n de datos"},"content":{"rendered":"<div id='av_section_1'  class='avia-section av-av_section-627d91fe64dcfbfd179d97382cb72a11 main_color avia-section-default avia-no-border-styling  avia-builder-el-0  avia-builder-el-no-sibling  py-3 py-lg-5 py-xl-7 avia-bg-style-scroll container_wrap sidebar_right'  ><div class='container av-section-cont-open' ><main  role=\"main\" itemprop=\"mainContentOfPage\"  class='template-page content  av-content-small alpha units'><div class='post-entry post-entry-type-page post-entry-4812'><div class='entry-content-wrapper clearfix'>\n<div class='flex_column av-av_one_half-91c8ad39859df9db567ceef5e1b614a3 av_one_half  avia-builder-el-1  el_before_av_one_half  avia-builder-el-first  first av-break-at-tablet flex_column_div '     ><style type=\"text\/css\" data-created_by=\"avia_inline_auto\" id=\"style-css-av-l7k6ga17-88087dbf16076ac006b70e38518cf5f2\">\n#top .av-special-heading.av-l7k6ga17-88087dbf16076ac006b70e38518cf5f2{\npadding-bottom:0;\nfont-size:42px;\n}\nbody .av-special-heading.av-l7k6ga17-88087dbf16076ac006b70e38518cf5f2 .av-special-heading-tag .heading-char{\nfont-size:25px;\n}\n#top #wrap_all .av-special-heading.av-l7k6ga17-88087dbf16076ac006b70e38518cf5f2 .av-special-heading-tag{\nfont-size:42px;\n}\n.av-special-heading.av-l7k6ga17-88087dbf16076ac006b70e38518cf5f2 .av-subheading{\nfont-size:15px;\n}\n\n@media only screen and (min-width: 480px) and (max-width: 767px){ \n#top #wrap_all .av-special-heading.av-l7k6ga17-88087dbf16076ac006b70e38518cf5f2 .av-special-heading-tag{\nfont-size:0.8em;\n}\n}\n\n@media only screen and (max-width: 479px){ \n#top #wrap_all .av-special-heading.av-l7k6ga17-88087dbf16076ac006b70e38518cf5f2 .av-special-heading-tag{\nfont-size:0.8em;\n}\n}\n<\/style>\n<div  class='av-special-heading av-l7k6ga17-88087dbf16076ac006b70e38518cf5f2 av-special-heading-h1 blockquote modern-quote  avia-builder-el-2  avia-builder-el-no-sibling  pb-1 pb-lg-2 av-inherit-size'><h1 class='av-special-heading-tag'  itemprop=\"headline\"  >Protecci\u00f3n de datos<\/h1><div class=\"special-heading-border\"><div class=\"special-heading-inner-border\"><\/div><\/div><\/div><\/div><div class='flex_column av-av_one_half-bf587be4fd0c0e7d78f22b91afe42f61 av_one_half  avia-builder-el-3  el_after_av_one_half  avia-builder-el-last  av-break-at-tablet flex_column_div '     ><section  class='av_textblock_section av-l7k6hmue-f1bb60468b764ac59cd2db1b239410aa'  itemscope=\"itemscope\" itemtype=\"https:\/\/schema.org\/CreativeWork\" ><div class='avia_textblock'  itemprop=\"text\" ><h2>Introducci\u00f3n<\/h2>\n<p>Para nosotros es importante proteger su privacidad al recoger, procesar y utilizar sus datos personales de acuerdo con los requisitos legales. A continuaci\u00f3n, explicamos nuestros principios para la protecci\u00f3n de sus derechos personales.<\/p>\n<h2>\u00c1mbito de aplicaci\u00f3n<\/h2>\n<p>Esta declaraci\u00f3n se aplica a todos los sitios web de los que es responsable Lukas Walcher. Sin embargo, nuestras p\u00e1ginas web pueden contener enlaces (referencias) a informaci\u00f3n ofrecida por empresas externas a las que no se aplica nuestra declaraci\u00f3n de protecci\u00f3n de datos.<\/p>\n<h2>Base jur\u00eddica<\/h2>\n<p>La base jur\u00eddica principal para la protecci\u00f3n de los datos personales es el Reglamento General de Protecci\u00f3n de Datos (UE) 2016\/679. Los datos personales son aquellos que se refieren a personas f\u00edsicas y pueden asignarse a una persona (por ejemplo, su nombre, su n\u00famero de tel\u00e9fono o su direcci\u00f3n de correo electr\u00f3nico).<\/p>\n<h2>B\u00e1sico<\/h2>\n<p>Por lo general, los visitantes de nuestros sitios web no est\u00e1n obligados a revelar ning\u00fan dato personal. En algunos casos, recogemos informaci\u00f3n sobre usted que no es de car\u00e1cter personal. Esta informaci\u00f3n incluye, por ejemplo, su navegador de Internet, su sistema operativo y las p\u00e1ginas web que visita en nuestro sitio. Esta informaci\u00f3n se eval\u00faa con fines estad\u00edsticos para mejorar continuamente nuestros servicios. Usted permanece en el anonimato como usuario individual.<\/p>\n<h2>Recogida y uso de datos personales y limitaci\u00f3n de la finalidad<\/h2>\n<p>Los datos personales s\u00f3lo se recogen si usted nos los proporciona activa y voluntariamente, por ejemplo, al rellenar nuestro formulario de contacto. Todos los datos personales recogidos durante la visita a nuestro sitio web se recopilan, se procesan y se utilizan de acuerdo con las disposiciones aplicables en materia de protecci\u00f3n de datos personales \u00fanicamente para los fines de los servicios que ha solicitado y para procesar sus consultas. El periodo de conservaci\u00f3n de estos datos se basa en las disposiciones legales.<\/p>\n<h2>Protecci\u00f3n de sus datos personales<\/h2>\n<p>Para proteger adecuadamente sus datos personales, hemos implementado medidas t\u00e9cnicas para evitar el acceso no autorizado. Adem\u00e1s, nuestros empleados juran guardar el secreto. Le aseguramos que no transmitiremos sus datos personales a terceros sin su consentimiento.<\/p>\n<h2>Sus derechos<\/h2>\n<p>En principio, usted tiene derecho a la informaci\u00f3n, la rectificaci\u00f3n, la supresi\u00f3n, la limitaci\u00f3n, la transferibilidad de los datos, la revocaci\u00f3n y la oposici\u00f3n. Si cree que el tratamiento de sus datos viola la ley de protecci\u00f3n de datos o que sus derechos de protecci\u00f3n de datos han sido violados de alguna otra manera, puede presentar una queja a la autoridad de control. En Austria, es la autoridad de protecci\u00f3n de datos. https:\/\/www.dsb.gv.at\/<\/p>\n<h2>Responsable de la protecci\u00f3n de datos<\/h2>\n<p>Lukas Walcher<\/p>\n<\/div><\/section><\/div><\/div><\/div><\/main><!-- close content main element --><\/div><\/div><div id='after_section_1'  class='main_color av_default_container_wrap container_wrap sidebar_right'  ><div class='container av-section-cont-open' ><div class='template-page content  av-content-small alpha units'><div class='post-entry post-entry-type-page post-entry-4812'><div class='entry-content-wrapper clearfix'>\n","protected":false},"excerpt":{"rendered":"","protected":false},"author":2,"featured_media":0,"parent":0,"menu_order":0,"comment_status":"closed","ping_status":"closed","template":"","meta":{"footnotes":""},"class_list":["post-4812","page","type-page","status-publish","hentry"],"_links":{"self":[{"href":"https:\/\/www.lukas-walcher.com\/es\/wp-json\/wp\/v2\/pages\/4812","targetHints":{"allow":["GET"]}}],"collection":[{"href":"https:\/\/www.lukas-walcher.com\/es\/wp-json\/wp\/v2\/pages"}],"about":[{"href":"https:\/\/www.lukas-walcher.com\/es\/wp-json\/wp\/v2\/types\/page"}],"author":[{"embeddable":true,"href":"https:\/\/www.lukas-walcher.com\/es\/wp-json\/wp\/v2\/users\/2"}],"replies":[{"embeddable":true,"href":"https:\/\/www.lukas-walcher.com\/es\/wp-json\/wp\/v2\/comments?post=4812"}],"version-history":[{"count":2,"href":"https:\/\/www.lukas-walcher.com\/es\/wp-json\/wp\/v2\/pages\/4812\/revisions"}],"predecessor-version":[{"id":4814,"href":"https:\/\/www.lukas-walcher.com\/es\/wp-json\/wp\/v2\/pages\/4812\/revisions\/4814"}],"wp:attachment":[{"href":"https:\/\/www.lukas-walcher.com\/es\/wp-json\/wp\/v2\/media?parent=4812"}],"curies":[{"name":"wp","href":"https:\/\/api.w.org\/{rel}","templated":true}]}}