{"id":4805,"date":"2022-09-02T09:46:06","date_gmt":"2022-09-02T07:46:06","guid":{"rendered":"https:\/\/www.lukas-walcher.com\/?page_id=4805"},"modified":"2022-10-01T21:24:14","modified_gmt":"2022-10-01T19:24:14","slug":"impresion","status":"publish","type":"page","link":"https:\/\/www.lukas-walcher.com\/es\/impresion\/","title":{"rendered":"Impresi\u00f3n"},"content":{"rendered":"<div id='av_section_1'  class='avia-section av-63uetx-ba797916f43a8c42ffc6f2325df20693 main_color avia-section-default avia-no-border-styling  avia-builder-el-0  avia-builder-el-no-sibling  py-3 py-lg-5 py-xl-7 avia-bg-style-scroll container_wrap sidebar_right'  ><div class='container av-section-cont-open' ><main  role=\"main\" itemprop=\"mainContentOfPage\"  class='template-page content  av-content-small alpha units'><div class='post-entry post-entry-type-page post-entry-4805'><div class='entry-content-wrapper clearfix'>\n<div class='flex_column av-3n5w9x-316c1ca2476eb7411ae12fd4b2c3b12a av_one_full  avia-builder-el-1  avia-builder-el-no-sibling  first flex_column_div '     ><p>\n<style type=\"text\/css\" data-created_by=\"avia_inline_auto\" id=\"style-css-av-l7k69asv-79efedc5251102bab2ba38dfd4b0013d\">\n#top .av-special-heading.av-l7k69asv-79efedc5251102bab2ba38dfd4b0013d{\npadding-bottom:0;\nfont-size:42px;\n}\nbody .av-special-heading.av-l7k69asv-79efedc5251102bab2ba38dfd4b0013d .av-special-heading-tag .heading-char{\nfont-size:25px;\n}\n#top #wrap_all .av-special-heading.av-l7k69asv-79efedc5251102bab2ba38dfd4b0013d .av-special-heading-tag{\nfont-size:42px;\n}\n.av-special-heading.av-l7k69asv-79efedc5251102bab2ba38dfd4b0013d .av-subheading{\nfont-size:15px;\n}\n\n@media only screen and (min-width: 480px) and (max-width: 767px){ \n#top #wrap_all .av-special-heading.av-l7k69asv-79efedc5251102bab2ba38dfd4b0013d .av-special-heading-tag{\nfont-size:0.8em;\n}\n}\n\n@media only screen and (max-width: 479px){ \n#top #wrap_all .av-special-heading.av-l7k69asv-79efedc5251102bab2ba38dfd4b0013d .av-special-heading-tag{\nfont-size:0.8em;\n}\n}\n<\/style>\n<div  class='av-special-heading av-l7k69asv-79efedc5251102bab2ba38dfd4b0013d av-special-heading-h6 blockquote modern-quote  avia-builder-el-2  el_before_av_textblock  avia-builder-el-first  inset pb-1 pb-lg-2 av-inherit-size'><h6 class='av-special-heading-tag'  itemprop=\"headline\"  >Impresi\u00f3n<\/h6><div class=\"special-heading-border\"><div class=\"special-heading-inner-border\"><\/div><\/div><\/div><br \/>\n<section  class='av_textblock_section av-2dgnvp-23fd2f84f00658c9d31a299d9f02bf69'  itemscope=\"itemscope\" itemtype=\"https:\/\/schema.org\/CreativeWork\" ><div class='avia_textblock inset'  itemprop=\"text\" ><p><strong>Lukas Walcher<\/strong><br \/>\nLangenloiser Stra\u00dfe 45<br \/>\nA-3500 Krems<\/p>\n<p><a href=\"mailto:contact@lukas-walcher.com\">contact@lukas-walcher.com<\/a><\/p>\n<p class=\"pt-2\"><strong>concepto &amp; dise\u00f1o<\/strong><br \/>\n<a href=\"http:\/\/www.weissenboeck.cc\/\">www.weissenboeck.cc<\/a><\/p>\n<p><strong>Agencia web, soporte t\u00e9cnico<\/strong><br \/>\n<a href=\"https:\/\/xone.at\/\" target=\"_blank\" rel=\"noopener\">Dominik Rosner<\/a><\/p>\n<p><strong>Fotos<\/strong><br \/>\n<a href=\"http:\/\/fkvisuals.com\" target=\"_blank\" rel=\"noopener\">FK Visuals<\/a><\/p>\n<p>Todos los interesados tienen la posibilidad de presentar reclamaciones a la plataforma de resoluci\u00f3n de litigios en l\u00ednea de la UE: <a href=\"http:\/\/ec.europa.eu\/odr\" target=\"_blank\" rel=\"noopener\">http:\/\/ec.europa.eu\/odr<\/a>. Tambi\u00e9n puede enviar cualquier reclamaci\u00f3n a la direcci\u00f3n de correo electr\u00f3nico indicada anteriormente.<\/p>\n<\/div><\/section><\/p><\/div><\/div><\/div><\/main><!-- close content main element --><\/div><\/div><div id='after_section_1'  class='main_color av_default_container_wrap container_wrap sidebar_right'  ><div class='container av-section-cont-open' ><div class='template-page content  av-content-small alpha units'><div class='post-entry post-entry-type-page post-entry-4805'><div class='entry-content-wrapper clearfix'>\n","protected":false},"excerpt":{"rendered":"","protected":false},"author":2,"featured_media":0,"parent":0,"menu_order":0,"comment_status":"closed","ping_status":"closed","template":"","meta":{"footnotes":""},"class_list":["post-4805","page","type-page","status-publish","hentry"],"_links":{"self":[{"href":"https:\/\/www.lukas-walcher.com\/es\/wp-json\/wp\/v2\/pages\/4805","targetHints":{"allow":["GET"]}}],"collection":[{"href":"https:\/\/www.lukas-walcher.com\/es\/wp-json\/wp\/v2\/pages"}],"about":[{"href":"https:\/\/www.lukas-walcher.com\/es\/wp-json\/wp\/v2\/types\/page"}],"author":[{"embeddable":true,"href":"https:\/\/www.lukas-walcher.com\/es\/wp-json\/wp\/v2\/users\/2"}],"replies":[{"embeddable":true,"href":"https:\/\/www.lukas-walcher.com\/es\/wp-json\/wp\/v2\/comments?post=4805"}],"version-history":[{"count":4,"href":"https:\/\/www.lukas-walcher.com\/es\/wp-json\/wp\/v2\/pages\/4805\/revisions"}],"predecessor-version":[{"id":4888,"href":"https:\/\/www.lukas-walcher.com\/es\/wp-json\/wp\/v2\/pages\/4805\/revisions\/4888"}],"wp:attachment":[{"href":"https:\/\/www.lukas-walcher.com\/es\/wp-json\/wp\/v2\/media?parent=4805"}],"curies":[{"name":"wp","href":"https:\/\/api.w.org\/{rel}","templated":true}]}}